{"id":51455,"date":"2018-01-03T16:20:35","date_gmt":"2018-01-03T15:20:35","guid":{"rendered":"http:\/\/www.jeveuxmonsiteweb.com\/lalogedevigne\/?page_id=51455"},"modified":"2021-09-28T20:08:12","modified_gmt":"2021-09-28T18:08:12","slug":"tourisme","status":"publish","type":"page","link":"https:\/\/www.loge-de-vigne.fr\/fr\/tourisme\/","title":{"rendered":"Tourisme"},"content":{"rendered":"<p>[et_pb_section fb_built=\u00a0\u00bb1&Prime; _builder_version=\u00a0\u00bb3.0.87&Prime; background_image=\u00a0\u00bb\/fr\/wp-content\/uploads\/2017\/11\/header-site.jpg\u00a0\u00bb custom_padding=\u00a0\u00bb135px|0px|100px|0px\u00a0\u00bb][\/et_pb_section][et_pb_section fb_built=\u00a0\u00bb1&Prime; admin_label=\u00a0\u00bbFeature Section\u00a0\u00bb _builder_version=\u00a0\u00bb3.0.87&Prime; custom_padding=\u00a0\u00bb0px||0px|\u00a0\u00bb][et_pb_row make_fullwidth=\u00a0\u00bbon\u00a0\u00bb use_custom_gutter=\u00a0\u00bbon\u00a0\u00bb gutter_width=\u00a0\u00bb1&Prime; custom_padding=\u00a0\u00bb0px||2px|\u00a0\u00bb make_equal=\u00a0\u00bbon\u00a0\u00bb padding_top_1=\u00a0\u00bb50px\u00a0\u00bb padding_right_1=\u00a0\u00bb20px\u00a0\u00bb padding_bottom_1=\u00a0\u00bb110px\u00a0\u00bb padding_left_1=\u00a0\u00bb20px\u00a0\u00bb padding_2_tablet=\u00a0\u00bb|||\u00a0\u00bb padding_2_phone=\u00a0\u00bb|||\u00a0\u00bb padding_2_last_edited=\u00a0\u00bbon|desktop\u00a0\u00bb admin_label=\u00a0\u00bbFeature 02 &#038; Feature 03&Prime; _builder_version=\u00a0\u00bb3.0.87&Prime;][et_pb_column type=\u00a0\u00bb1_3&Prime; _builder_version=\u00a0\u00bb3.0.47&Prime; padding_bottom=\u00a0\u00bb110px\u00a0\u00bb padding_left=\u00a0\u00bb20px\u00a0\u00bb padding_right=\u00a0\u00bb20px\u00a0\u00bb padding_top=\u00a0\u00bb50px\u00a0\u00bb parallax=\u00a0\u00bboff\u00a0\u00bb parallax_method=\u00a0\u00bbon\u00a0\u00bb][et_pb_text _builder_version=\u00a0\u00bb3.0.87&Prime; text_font=\u00a0\u00bb||||||||\u00a0\u00bb ul_font=\u00a0\u00bb||||||||\u00a0\u00bb header_font=\u00a0\u00bb|700|||||||\u00a0\u00bb header_font_size=\u00a0\u00bb31px\u00a0\u00bb text_orientation=\u00a0\u00bbcenter\u00a0\u00bb custom_margin=\u00a0\u00bb||30px|\u00a0\u00bb]<\/p>\n<h1 class=\"vc_custom_heading\">Ne manquez surtout pas<\/h1>\n<p>[\/et_pb_text][et_pb_text _builder_version=\u00a0\u00bb3.0.87&Prime; text_font=\u00a0\u00bb||||||||\u00a0\u00bb ul_font=\u00a0\u00bb||||||||\u00a0\u00bb text_orientation=\u00a0\u00bbcenter\u00a0\u00bb]<\/p>\n<h1 class=\"vc_custom_heading\">Epernay, Reims et leurs atouts culturels<\/h1>\n<p>[\/et_pb_text][et_pb_text _builder_version=\u00a0\u00bb3.0.87&Prime; text_font=\u00a0\u00bb||||||||\u00a0\u00bb text_font_size=\u00a0\u00bb19px\u00a0\u00bb custom_margin=\u00a0\u00bb20px|||\u00a0\u00bb]<\/p>\n<ul>\n<li>La visite des caves champenoises creus\u00e9es \u00e0 la main dans la craie d\u00e8s les premiers si\u00e8cles.<\/li>\n<li>Reims, sa cath\u00e9drale des sacres , l\u2019\u00e9glise St Remi.<\/li>\n<li>Les sites de m\u00e9moire de la Premi\u00e8re Guerre Mondiale 1914 \/ 1918<\/li>\n<li>Les paysages champenois r\u00e9cemment class\u00e9s au Patrimoine Mondial de l\u2019Unesco.<\/li>\n<li><span style=\"font-size: 19px;\">La gastronomie et les produits de terroir.<\/span><\/li>\n<li><span style=\"font-size: 19px;\">Les balades \u00e0 la d\u00e9couverte des vignes et de la r\u00e9gion \u2026<\/span><\/li>\n<li>La visite d\u00e9gustation chez<a href=\"https:\/\/www.champagne-lemaire.fr\" target=\"_blank\" rel=\"noopener noreferrer\"> <span style=\"color: #e09900;\">un vigneron traditionnel<\/span><\/a> dans le village.<\/li>\n<\/ul>\n<p>[\/et_pb_text][\/et_pb_column][et_pb_column type=\u00a0\u00bb2_3&Prime; _builder_version=\u00a0\u00bb3.0.47&Prime; padding_phone=\u00a0\u00bb|||\u00a0\u00bb padding_tablet=\u00a0\u00bb|||\u00a0\u00bb padding_last_edited=\u00a0\u00bbon|desktop\u00a0\u00bb parallax=\u00a0\u00bboff\u00a0\u00bb parallax_method=\u00a0\u00bbon\u00a0\u00bb][et_pb_slider _builder_version=\u00a0\u00bb3.0.87&Prime;][\/et_pb_slider][et_pb_slider _builder_version=\u00a0\u00bb3.0.87&Prime; custom_padding=\u00a0\u00bb250px||250px|\u00a0\u00bb][et_pb_slide _builder_version=\u00a0\u00bb3.0.87&Prime; background_image=\u00a0\u00bb\/fr\/wp-content\/uploads\/2017\/11\/21.jpg\u00a0\u00bb][\/et_pb_slide][et_pb_slide _builder_version=\u00a0\u00bb3.0.87&Prime; background_image=\u00a0\u00bb\/fr\/wp-content\/uploads\/2017\/11\/22.jpg\u00a0\u00bb][\/et_pb_slide][et_pb_slide _builder_version=\u00a0\u00bb3.0.87&Prime; background_image=\u00a0\u00bb\/fr\/wp-content\/uploads\/2017\/11\/13.jpg\u00a0\u00bb][\/et_pb_slide][et_pb_slide _builder_version=\u00a0\u00bb3.0.87&Prime; background_image=\u00a0\u00bb\/fr\/wp-content\/uploads\/2017\/11\/19.jpg\u00a0\u00bb][\/et_pb_slide][et_pb_slide _builder_version=\u00a0\u00bb3.0.87&Prime; background_image=\u00a0\u00bb\/fr\/wp-content\/uploads\/2017\/11\/28.jpg\u00a0\u00bb][\/et_pb_slide][\/et_pb_slider][\/et_pb_column][\/et_pb_row][\/et_pb_section]<\/p>\n","protected":false},"excerpt":{"rendered":"<p>[et_pb_section fb_built=\u00a0\u00bb1&Prime; _builder_version=\u00a0\u00bb3.0.87&Prime; background_image=\u00a0\u00bb\/fr\/wp-content\/uploads\/2017\/11\/header-site.jpg\u00a0\u00bb custom_padding=\u00a0\u00bb135px|0px|100px|0px\u00a0\u00bb][\/et_pb_section][et_pb_section fb_built=\u00a0\u00bb1&Prime; admin_label=\u00a0\u00bbFeature Section\u00a0\u00bb _builder_version=\u00a0\u00bb3.0.87&Prime; custom_padding=\u00a0\u00bb0px||0px|\u00a0\u00bb][et_pb_row make_fullwidth=\u00a0\u00bbon\u00a0\u00bb use_custom_gutter=\u00a0\u00bbon\u00a0\u00bb gutter_width=\u00a0\u00bb1&Prime; custom_padding=\u00a0\u00bb0px||2px|\u00a0\u00bb make_equal=\u00a0\u00bbon\u00a0\u00bb padding_top_1=\u00a0\u00bb50px\u00a0\u00bb padding_right_1=\u00a0\u00bb20px\u00a0\u00bb padding_bottom_1=\u00a0\u00bb110px\u00a0\u00bb padding_left_1=\u00a0\u00bb20px\u00a0\u00bb padding_2_tablet=\u00a0\u00bb|||\u00a0\u00bb padding_2_phone=\u00a0\u00bb|||\u00a0\u00bb padding_2_last_edited=\u00a0\u00bbon|desktop\u00a0\u00bb admin_label=\u00a0\u00bbFeature 02 &#038; Feature 03&Prime; _builder_version=\u00a0\u00bb3.0.87&Prime;][et_pb_column type=\u00a0\u00bb1_3&Prime; _builder_version=\u00a0\u00bb3.0.47&Prime; padding_bottom=\u00a0\u00bb110px\u00a0\u00bb padding_left=\u00a0\u00bb20px\u00a0\u00bb padding_right=\u00a0\u00bb20px\u00a0\u00bb padding_top=\u00a0\u00bb50px\u00a0\u00bb parallax=\u00a0\u00bboff\u00a0\u00bb parallax_method=\u00a0\u00bbon\u00a0\u00bb][et_pb_text _builder_version=\u00a0\u00bb3.0.87&Prime; text_font=\u00a0\u00bb||||||||\u00a0\u00bb ul_font=\u00a0\u00bb||||||||\u00a0\u00bb header_font=\u00a0\u00bb|700|||||||\u00a0\u00bb header_font_size=\u00a0\u00bb31px\u00a0\u00bb text_orientation=\u00a0\u00bbcenter\u00a0\u00bb custom_margin=\u00a0\u00bb||30px|\u00a0\u00bb] Ne manquez surtout pas [\/et_pb_text][et_pb_text _builder_version=\u00a0\u00bb3.0.87&Prime; text_font=\u00a0\u00bb||||||||\u00a0\u00bb ul_font=\u00a0\u00bb||||||||\u00a0\u00bb text_orientation=\u00a0\u00bbcenter\u00a0\u00bb] Epernay, Reims et [&hellip;]<\/p>\n","protected":false},"author":1,"featured_media":0,"parent":0,"menu_order":0,"comment_status":"closed","ping_status":"closed","template":"","meta":{"footnotes":""},"class_list":["post-51455","page","type-page","status-publish","hentry"],"yoast_head":"<!-- This site is optimized with the Yoast SEO plugin v23.0 - https:\/\/yoast.com\/wordpress\/plugins\/seo\/ -->\n<title>Tourisme - La Loge de Vigne<\/title>\n<meta name=\"robots\" content=\"index, follow, max-snippet:-1, max-image-preview:large, max-video-preview:-1\" \/>\n<link rel=\"canonical\" href=\"https:\/\/www.loge-de-vigne.fr\/fr\/tourisme\/\" \/>\n<meta property=\"og:locale\" content=\"fr_FR\" \/>\n<meta property=\"og:type\" content=\"article\" \/>\n<meta property=\"og:title\" content=\"Tourisme - La Loge de Vigne\" \/>\n<meta property=\"og:description\" content=\"[et_pb_section fb_built=\u00a0\u00bb1&Prime; _builder_version=\u00a0\u00bb3.0.87&Prime; background_image=\u00a0\u00bb\/fr\/wp-content\/uploads\/2017\/11\/header-site.jpg\u00a0\u00bb custom_padding=\u00a0\u00bb135px|0px|100px|0px\u00a0\u00bb][\/et_pb_section][et_pb_section fb_built=\u00a0\u00bb1&Prime; admin_label=\u00a0\u00bbFeature Section\u00a0\u00bb _builder_version=\u00a0\u00bb3.0.87&Prime; custom_padding=\u00a0\u00bb0px||0px|\u00a0\u00bb][et_pb_row make_fullwidth=\u00a0\u00bbon\u00a0\u00bb use_custom_gutter=\u00a0\u00bbon\u00a0\u00bb gutter_width=\u00a0\u00bb1&Prime; custom_padding=\u00a0\u00bb0px||2px|\u00a0\u00bb make_equal=\u00a0\u00bbon\u00a0\u00bb padding_top_1=\u00a0\u00bb50px\u00a0\u00bb padding_right_1=\u00a0\u00bb20px\u00a0\u00bb padding_bottom_1=\u00a0\u00bb110px\u00a0\u00bb padding_left_1=\u00a0\u00bb20px\u00a0\u00bb padding_2_tablet=\u00a0\u00bb|||\u00a0\u00bb padding_2_phone=\u00a0\u00bb|||\u00a0\u00bb padding_2_last_edited=\u00a0\u00bbon|desktop\u00a0\u00bb admin_label=\u00a0\u00bbFeature 02 &#038; Feature 03&Prime; _builder_version=\u00a0\u00bb3.0.87&Prime;][et_pb_column type=\u00a0\u00bb1_3&Prime; _builder_version=\u00a0\u00bb3.0.47&Prime; padding_bottom=\u00a0\u00bb110px\u00a0\u00bb padding_left=\u00a0\u00bb20px\u00a0\u00bb padding_right=\u00a0\u00bb20px\u00a0\u00bb padding_top=\u00a0\u00bb50px\u00a0\u00bb parallax=\u00a0\u00bboff\u00a0\u00bb parallax_method=\u00a0\u00bbon\u00a0\u00bb][et_pb_text _builder_version=\u00a0\u00bb3.0.87&Prime; text_font=\u00a0\u00bb||||||||\u00a0\u00bb ul_font=\u00a0\u00bb||||||||\u00a0\u00bb header_font=\u00a0\u00bb|700|||||||\u00a0\u00bb header_font_size=\u00a0\u00bb31px\u00a0\u00bb text_orientation=\u00a0\u00bbcenter\u00a0\u00bb custom_margin=\u00a0\u00bb||30px|\u00a0\u00bb] Ne manquez surtout pas [\/et_pb_text][et_pb_text _builder_version=\u00a0\u00bb3.0.87&Prime; text_font=\u00a0\u00bb||||||||\u00a0\u00bb ul_font=\u00a0\u00bb||||||||\u00a0\u00bb text_orientation=\u00a0\u00bbcenter\u00a0\u00bb] Epernay, Reims et [&hellip;]\" \/>\n<meta property=\"og:url\" content=\"https:\/\/www.loge-de-vigne.fr\/fr\/tourisme\/\" \/>\n<meta property=\"og:site_name\" content=\"La Loge de Vigne\" \/>\n<meta property=\"article:modified_time\" content=\"2021-09-28T18:08:12+00:00\" \/>\n<meta name=\"twitter:card\" content=\"summary_large_image\" \/>\n<meta name=\"twitter:label1\" content=\"Dur\u00e9e de lecture estim\u00e9e\" \/>\n\t<meta name=\"twitter:data1\" content=\"2 minutes\" \/>\n<script type=\"application\/ld+json\" class=\"yoast-schema-graph\">{\"@context\":\"https:\/\/schema.org\",\"@graph\":[{\"@type\":\"WebPage\",\"@id\":\"https:\/\/www.loge-de-vigne.fr\/fr\/tourisme\/\",\"url\":\"https:\/\/www.loge-de-vigne.fr\/fr\/tourisme\/\",\"name\":\"Tourisme - La Loge de Vigne\",\"isPartOf\":{\"@id\":\"https:\/\/www.loge-de-vigne.fr\/fr\/#website\"},\"datePublished\":\"2018-01-03T15:20:35+00:00\",\"dateModified\":\"2021-09-28T18:08:12+00:00\",\"breadcrumb\":{\"@id\":\"https:\/\/www.loge-de-vigne.fr\/fr\/tourisme\/#breadcrumb\"},\"inLanguage\":\"fr-FR\",\"potentialAction\":[{\"@type\":\"ReadAction\",\"target\":[\"https:\/\/www.loge-de-vigne.fr\/fr\/tourisme\/\"]}]},{\"@type\":\"BreadcrumbList\",\"@id\":\"https:\/\/www.loge-de-vigne.fr\/fr\/tourisme\/#breadcrumb\",\"itemListElement\":[{\"@type\":\"ListItem\",\"position\":1,\"name\":\"Accueil\",\"item\":\"https:\/\/www.loge-de-vigne.fr\/fr\/\"},{\"@type\":\"ListItem\",\"position\":2,\"name\":\"Tourisme\"}]},{\"@type\":\"WebSite\",\"@id\":\"https:\/\/www.loge-de-vigne.fr\/fr\/#website\",\"url\":\"https:\/\/www.loge-de-vigne.fr\/fr\/\",\"name\":\"La Loge de Vigne\",\"description\":\"Chambres d&#039;h\u00f4tes de charme en Champagne\",\"potentialAction\":[{\"@type\":\"SearchAction\",\"target\":{\"@type\":\"EntryPoint\",\"urlTemplate\":\"https:\/\/www.loge-de-vigne.fr\/fr\/?s={search_term_string}\"},\"query-input\":\"required name=search_term_string\"}],\"inLanguage\":\"fr-FR\"}]}<\/script>\n<!-- \/ Yoast SEO plugin. -->","yoast_head_json":{"title":"Tourisme - La Loge de Vigne","robots":{"index":"index","follow":"follow","max-snippet":"max-snippet:-1","max-image-preview":"max-image-preview:large","max-video-preview":"max-video-preview:-1"},"canonical":"https:\/\/www.loge-de-vigne.fr\/fr\/tourisme\/","og_locale":"fr_FR","og_type":"article","og_title":"Tourisme - La Loge de Vigne","og_description":"[et_pb_section fb_built=\u00a0\u00bb1&Prime; _builder_version=\u00a0\u00bb3.0.87&Prime; background_image=\u00a0\u00bb\/fr\/wp-content\/uploads\/2017\/11\/header-site.jpg\u00a0\u00bb custom_padding=\u00a0\u00bb135px|0px|100px|0px\u00a0\u00bb][\/et_pb_section][et_pb_section fb_built=\u00a0\u00bb1&Prime; admin_label=\u00a0\u00bbFeature Section\u00a0\u00bb _builder_version=\u00a0\u00bb3.0.87&Prime; custom_padding=\u00a0\u00bb0px||0px|\u00a0\u00bb][et_pb_row make_fullwidth=\u00a0\u00bbon\u00a0\u00bb use_custom_gutter=\u00a0\u00bbon\u00a0\u00bb gutter_width=\u00a0\u00bb1&Prime; custom_padding=\u00a0\u00bb0px||2px|\u00a0\u00bb make_equal=\u00a0\u00bbon\u00a0\u00bb padding_top_1=\u00a0\u00bb50px\u00a0\u00bb padding_right_1=\u00a0\u00bb20px\u00a0\u00bb padding_bottom_1=\u00a0\u00bb110px\u00a0\u00bb padding_left_1=\u00a0\u00bb20px\u00a0\u00bb padding_2_tablet=\u00a0\u00bb|||\u00a0\u00bb padding_2_phone=\u00a0\u00bb|||\u00a0\u00bb padding_2_last_edited=\u00a0\u00bbon|desktop\u00a0\u00bb admin_label=\u00a0\u00bbFeature 02 &#038; Feature 03&Prime; _builder_version=\u00a0\u00bb3.0.87&Prime;][et_pb_column type=\u00a0\u00bb1_3&Prime; _builder_version=\u00a0\u00bb3.0.47&Prime; padding_bottom=\u00a0\u00bb110px\u00a0\u00bb padding_left=\u00a0\u00bb20px\u00a0\u00bb padding_right=\u00a0\u00bb20px\u00a0\u00bb padding_top=\u00a0\u00bb50px\u00a0\u00bb parallax=\u00a0\u00bboff\u00a0\u00bb parallax_method=\u00a0\u00bbon\u00a0\u00bb][et_pb_text _builder_version=\u00a0\u00bb3.0.87&Prime; text_font=\u00a0\u00bb||||||||\u00a0\u00bb ul_font=\u00a0\u00bb||||||||\u00a0\u00bb header_font=\u00a0\u00bb|700|||||||\u00a0\u00bb header_font_size=\u00a0\u00bb31px\u00a0\u00bb text_orientation=\u00a0\u00bbcenter\u00a0\u00bb custom_margin=\u00a0\u00bb||30px|\u00a0\u00bb] Ne manquez surtout pas [\/et_pb_text][et_pb_text _builder_version=\u00a0\u00bb3.0.87&Prime; text_font=\u00a0\u00bb||||||||\u00a0\u00bb ul_font=\u00a0\u00bb||||||||\u00a0\u00bb text_orientation=\u00a0\u00bbcenter\u00a0\u00bb] Epernay, Reims et [&hellip;]","og_url":"https:\/\/www.loge-de-vigne.fr\/fr\/tourisme\/","og_site_name":"La Loge de Vigne","article_modified_time":"2021-09-28T18:08:12+00:00","twitter_card":"summary_large_image","twitter_misc":{"Dur\u00e9e de lecture estim\u00e9e":"2 minutes"},"schema":{"@context":"https:\/\/schema.org","@graph":[{"@type":"WebPage","@id":"https:\/\/www.loge-de-vigne.fr\/fr\/tourisme\/","url":"https:\/\/www.loge-de-vigne.fr\/fr\/tourisme\/","name":"Tourisme - La Loge de Vigne","isPartOf":{"@id":"https:\/\/www.loge-de-vigne.fr\/fr\/#website"},"datePublished":"2018-01-03T15:20:35+00:00","dateModified":"2021-09-28T18:08:12+00:00","breadcrumb":{"@id":"https:\/\/www.loge-de-vigne.fr\/fr\/tourisme\/#breadcrumb"},"inLanguage":"fr-FR","potentialAction":[{"@type":"ReadAction","target":["https:\/\/www.loge-de-vigne.fr\/fr\/tourisme\/"]}]},{"@type":"BreadcrumbList","@id":"https:\/\/www.loge-de-vigne.fr\/fr\/tourisme\/#breadcrumb","itemListElement":[{"@type":"ListItem","position":1,"name":"Accueil","item":"https:\/\/www.loge-de-vigne.fr\/fr\/"},{"@type":"ListItem","position":2,"name":"Tourisme"}]},{"@type":"WebSite","@id":"https:\/\/www.loge-de-vigne.fr\/fr\/#website","url":"https:\/\/www.loge-de-vigne.fr\/fr\/","name":"La Loge de Vigne","description":"Chambres d&#039;h\u00f4tes de charme en Champagne","potentialAction":[{"@type":"SearchAction","target":{"@type":"EntryPoint","urlTemplate":"https:\/\/www.loge-de-vigne.fr\/fr\/?s={search_term_string}"},"query-input":"required name=search_term_string"}],"inLanguage":"fr-FR"}]}},"_links":{"self":[{"href":"https:\/\/www.loge-de-vigne.fr\/fr\/wp-json\/wp\/v2\/pages\/51455","targetHints":{"allow":["GET"]}}],"collection":[{"href":"https:\/\/www.loge-de-vigne.fr\/fr\/wp-json\/wp\/v2\/pages"}],"about":[{"href":"https:\/\/www.loge-de-vigne.fr\/fr\/wp-json\/wp\/v2\/types\/page"}],"author":[{"embeddable":true,"href":"https:\/\/www.loge-de-vigne.fr\/fr\/wp-json\/wp\/v2\/users\/1"}],"replies":[{"embeddable":true,"href":"https:\/\/www.loge-de-vigne.fr\/fr\/wp-json\/wp\/v2\/comments?post=51455"}],"version-history":[{"count":21,"href":"https:\/\/www.loge-de-vigne.fr\/fr\/wp-json\/wp\/v2\/pages\/51455\/revisions"}],"predecessor-version":[{"id":51600,"href":"https:\/\/www.loge-de-vigne.fr\/fr\/wp-json\/wp\/v2\/pages\/51455\/revisions\/51600"}],"wp:attachment":[{"href":"https:\/\/www.loge-de-vigne.fr\/fr\/wp-json\/wp\/v2\/media?parent=51455"}],"curies":[{"name":"wp","href":"https:\/\/api.w.org\/{rel}","templated":true}]}}