{"id":51294,"date":"2017-12-20T08:16:06","date_gmt":"2017-12-20T07:16:06","guid":{"rendered":"http:\/\/www.jeveuxmonsiteweb.com\/enlalogedevigne\/?page_id=51294"},"modified":"2024-05-21T10:08:58","modified_gmt":"2024-05-21T08:08:58","slug":"a-new-experience","status":"publish","type":"page","link":"https:\/\/www.loge-de-vigne.fr\/en\/a-new-experience\/","title":{"rendered":"A new experience"},"content":{"rendered":"<p>[et_pb_section fb_built=&#8221;1&#8243; fullwidth=&#8221;on&#8221; _builder_version=&#8221;3.0.87&#8243;][et_pb_fullwidth_image src=&#8221;https:\/\/www.loge-de-vigne.fr\/en\/wp-content\/uploads\/2023\/07\/laogedevigne-villerssouschatillon-maisondhotes-53-min.jpg&#8221; _builder_version=&#8221;3.0.87&#8243;][\/et_pb_fullwidth_image][\/et_pb_section][et_pb_section fb_built=&#8221;1&#8243; admin_label=&#8221;Feature Section&#8221; _builder_version=&#8221;3.0.87&#8243; custom_padding=&#8221;0px||0px|&#8221;][et_pb_row make_fullwidth=&#8221;on&#8221; use_custom_gutter=&#8221;on&#8221; gutter_width=&#8221;1&#8243; custom_padding=&#8221;0px||2px|&#8221; make_equal=&#8221;on&#8221; padding_top_1=&#8221;50px&#8221; padding_right_1=&#8221;20px&#8221; padding_bottom_1=&#8221;110px&#8221; padding_left_1=&#8221;20px&#8221; padding_2_tablet=&#8221;|||&#8221; padding_2_phone=&#8221;|||&#8221; padding_2_last_edited=&#8221;on|desktop&#8221; admin_label=&#8221;Feature 02 &#038; Feature 03&#8243; _builder_version=&#8221;3.0.87&#8243;][et_pb_column type=&#8221;1_2&#8243; _builder_version=&#8221;3.0.47&#8243; padding_bottom=&#8221;110px&#8221; padding_left=&#8221;20px&#8221; padding_right=&#8221;20px&#8221; padding_top=&#8221;50px&#8221; parallax=&#8221;off&#8221; parallax_method=&#8221;on&#8221;][et_pb_text _builder_version=&#8221;3.0.87&#8243; text_font=&#8221;||||||||&#8221; ul_font=&#8221;||||||||&#8221; header_font=&#8221;|700|||||||&#8221; text_orientation=&#8221;center&#8221; module_alignment=&#8221;center&#8221; custom_padding=&#8221;||20px|&#8221;]<\/p>\n<h1 class=\"vc_custom_heading\">Breakfast\/Snacks<\/h1>\n<p>[\/et_pb_text][et_pb_text _builder_version=&#8221;3.0.87&#8243; text_font=&#8221;||||||||&#8221;]<\/p>\n<p>The breakfast room is open every morning from 9 a.m. to 10 30 a.m.<\/p>\n<p>We provide fruit juice, fresh bread, croissants, jam and local honey,fresh fruit in season,French cheeses, dairy products, assorted cooked meats and hot drinks (tea, coffee, chocolate)<\/p>\n<p>This room remains accessible all day for hot or cold drinks, for tourist information or for reading.<\/p>\n<p>Breakfast is available earlier on request, just ask !<\/p>\n<p>Whenever possible, we try to offer local, organic products.<\/p>\n<p>&nbsp;<\/p>\n<p>[\/et_pb_text][\/et_pb_column][et_pb_column type=&#8221;1_2&#8243; _builder_version=&#8221;3.0.47&#8243; padding_phone=&#8221;|||&#8221; padding_tablet=&#8221;|||&#8221; padding_last_edited=&#8221;on|desktop&#8221; parallax=&#8221;off&#8221; parallax_method=&#8221;on&#8221;][et_pb_slider _builder_version=&#8221;3.0.87&#8243;][\/et_pb_slider][et_pb_slider _builder_version=&#8221;3.0.87&#8243; custom_margin_tablet=&#8221;-75px|||&#8221; custom_margin_last_edited=&#8221;on|phone&#8221; custom_padding=&#8221;250px||250px|&#8221;][et_pb_slide _builder_version=&#8221;3.0.87&#8243; background_image=&#8221;\/en\/wp-content\/uploads\/2017\/12\/14.jpg&#8221;][\/et_pb_slide][et_pb_slide _builder_version=&#8221;3.0.87&#8243; background_image=&#8221;\/en\/wp-content\/uploads\/2017\/12\/13.jpg&#8221;][\/et_pb_slide][et_pb_slide _builder_version=&#8221;3.0.87&#8243; background_image=&#8221;\/en\/wp-content\/uploads\/2017\/12\/15.jpg&#8221;][\/et_pb_slide][\/et_pb_slider][\/et_pb_column][\/et_pb_row][\/et_pb_section][et_pb_section fb_built=&#8221;1&#8243; _builder_version=&#8221;3.0.87&#8243;][et_pb_row make_fullwidth=&#8221;on&#8221; _builder_version=&#8221;3.0.87&#8243;][et_pb_column type=&#8221;1_3&#8243; _builder_version=&#8221;3.0.47&#8243; parallax=&#8221;off&#8221; parallax_method=&#8221;on&#8221;][et_pb_text _builder_version=&#8221;3.0.87&#8243; text_font=&#8221;||||||||&#8221; ul_font=&#8221;||||||||&#8221; header_font=&#8221;|700|||||||&#8221; text_orientation=&#8221;center&#8221; module_alignment=&#8221;center&#8221;]<\/p>\n<h1 class=\"vc_custom_heading\">L\u2019heure de l\u2019ap\u00e9ritif !<\/h1>\n<p>[\/et_pb_text][et_pb_text _builder_version=&#8221;3.0.87&#8243;]<\/p>\n<p>We offer you the tasting of different Champagnes (Blanc de noirs, Cuv\u00e9e Mill\u00e9sim\u00e9e, Ros\u00e9 de Saign\u00e9e, etc.).<\/p>\n<p>[\/et_pb_text][\/et_pb_column][et_pb_column type=&#8221;2_3&#8243; _builder_version=&#8221;3.0.47&#8243; parallax=&#8221;off&#8221; parallax_method=&#8221;on&#8221;][et_pb_text _builder_version=&#8221;3.0.87&#8243; text_font=&#8221;||||||||&#8221; ul_font=&#8221;||||||||&#8221; header_font=&#8221;|700|||||||&#8221; text_orientation=&#8221;center&#8221; module_alignment=&#8221;center&#8221;]<\/p>\n<h1 class=\"vc_custom_heading\">Five good reasons for coming to stay :<\/h1>\n<p>[\/et_pb_text][et_pb_text _builder_version=&#8221;3.0.87&#8243;]<\/p>\n<ul>\n<li>The warm welcome provided by Aliette and Jos\u00e9, always ready to advise and share their favourite places with you<\/li>\n<li>The exceptional location of this B&#038;B Guest house, situated in the heart of the beautiful Marne Valley.<\/li>\n<li>The numerous walks and bicycle trips on the doorstep which take you through the vineyards and the Reims Natural park (Parc naturel de la montagne de Reims)<\/li>\n<li>The light sunny conservatory where we serve breakfast in the morning or an aperitif in the evening, the latter sometimes lasting into the night !<\/li>\n<li>The attractive terrace with it\u2019s little \u00ab Zen \u00bb garden, an invitation to relax !<\/li>\n<\/ul>\n<p>[\/et_pb_text][\/et_pb_column][\/et_pb_row][\/et_pb_section]<\/p>\n","protected":false},"excerpt":{"rendered":"<p>[et_pb_section fb_built=&#8221;1&#8243; fullwidth=&#8221;on&#8221; _builder_version=&#8221;3.0.87&#8243;][et_pb_fullwidth_image src=&#8221;https:\/\/www.loge-de-vigne.fr\/en\/wp-content\/uploads\/2023\/07\/laogedevigne-villerssouschatillon-maisondhotes-53-min.jpg&#8221; _builder_version=&#8221;3.0.87&#8243;][\/et_pb_fullwidth_image][\/et_pb_section][et_pb_section fb_built=&#8221;1&#8243; admin_label=&#8221;Feature Section&#8221; _builder_version=&#8221;3.0.87&#8243; custom_padding=&#8221;0px||0px|&#8221;][et_pb_row make_fullwidth=&#8221;on&#8221; use_custom_gutter=&#8221;on&#8221; gutter_width=&#8221;1&#8243; custom_padding=&#8221;0px||2px|&#8221; make_equal=&#8221;on&#8221; padding_top_1=&#8221;50px&#8221; padding_right_1=&#8221;20px&#8221; padding_bottom_1=&#8221;110px&#8221; padding_left_1=&#8221;20px&#8221; padding_2_tablet=&#8221;|||&#8221; padding_2_phone=&#8221;|||&#8221; padding_2_last_edited=&#8221;on|desktop&#8221; admin_label=&#8221;Feature 02 &#038; Feature 03&#8243; _builder_version=&#8221;3.0.87&#8243;][et_pb_column type=&#8221;1_2&#8243; _builder_version=&#8221;3.0.47&#8243; padding_bottom=&#8221;110px&#8221; padding_left=&#8221;20px&#8221; padding_right=&#8221;20px&#8221; padding_top=&#8221;50px&#8221; parallax=&#8221;off&#8221; parallax_method=&#8221;on&#8221;][et_pb_text _builder_version=&#8221;3.0.87&#8243; text_font=&#8221;||||||||&#8221; ul_font=&#8221;||||||||&#8221; header_font=&#8221;|700|||||||&#8221; text_orientation=&#8221;center&#8221; module_alignment=&#8221;center&#8221; custom_padding=&#8221;||20px|&#8221;] Breakfast\/Snacks [\/et_pb_text][et_pb_text _builder_version=&#8221;3.0.87&#8243; text_font=&#8221;||||||||&#8221;] The breakfast room is open every morning [&hellip;]<\/p>\n","protected":false},"author":1,"featured_media":0,"parent":0,"menu_order":0,"comment_status":"closed","ping_status":"closed","template":"","meta":{"footnotes":""},"class_list":["post-51294","page","type-page","status-publish","hentry"],"yoast_head":"<!-- This site is optimized with the Yoast SEO plugin v23.0 - https:\/\/yoast.com\/wordpress\/plugins\/seo\/ -->\n<title>A new experience - La Loge de Vigne<\/title>\n<meta name=\"robots\" content=\"index, follow, max-snippet:-1, max-image-preview:large, max-video-preview:-1\" \/>\n<link rel=\"canonical\" href=\"https:\/\/www.loge-de-vigne.fr\/en\/a-new-experience\/\" \/>\n<meta property=\"og:locale\" content=\"en_US\" \/>\n<meta property=\"og:type\" content=\"article\" \/>\n<meta property=\"og:title\" content=\"A new experience - La Loge de Vigne\" \/>\n<meta property=\"og:description\" content=\"[et_pb_section fb_built=&#8221;1&#8243; fullwidth=&#8221;on&#8221; _builder_version=&#8221;3.0.87&#8243;][et_pb_fullwidth_image src=&#8221;https:\/\/www.loge-de-vigne.fr\/en\/wp-content\/uploads\/2023\/07\/laogedevigne-villerssouschatillon-maisondhotes-53-min.jpg&#8221; _builder_version=&#8221;3.0.87&#8243;][\/et_pb_fullwidth_image][\/et_pb_section][et_pb_section fb_built=&#8221;1&#8243; admin_label=&#8221;Feature Section&#8221; _builder_version=&#8221;3.0.87&#8243; custom_padding=&#8221;0px||0px|&#8221;][et_pb_row make_fullwidth=&#8221;on&#8221; use_custom_gutter=&#8221;on&#8221; gutter_width=&#8221;1&#8243; custom_padding=&#8221;0px||2px|&#8221; make_equal=&#8221;on&#8221; padding_top_1=&#8221;50px&#8221; padding_right_1=&#8221;20px&#8221; padding_bottom_1=&#8221;110px&#8221; padding_left_1=&#8221;20px&#8221; padding_2_tablet=&#8221;|||&#8221; padding_2_phone=&#8221;|||&#8221; padding_2_last_edited=&#8221;on|desktop&#8221; admin_label=&#8221;Feature 02 &#038; Feature 03&#8243; _builder_version=&#8221;3.0.87&#8243;][et_pb_column type=&#8221;1_2&#8243; _builder_version=&#8221;3.0.47&#8243; padding_bottom=&#8221;110px&#8221; padding_left=&#8221;20px&#8221; padding_right=&#8221;20px&#8221; padding_top=&#8221;50px&#8221; parallax=&#8221;off&#8221; parallax_method=&#8221;on&#8221;][et_pb_text _builder_version=&#8221;3.0.87&#8243; text_font=&#8221;||||||||&#8221; ul_font=&#8221;||||||||&#8221; header_font=&#8221;|700|||||||&#8221; text_orientation=&#8221;center&#8221; module_alignment=&#8221;center&#8221; custom_padding=&#8221;||20px|&#8221;] Breakfast\/Snacks [\/et_pb_text][et_pb_text _builder_version=&#8221;3.0.87&#8243; text_font=&#8221;||||||||&#8221;] The breakfast room is open every morning [&hellip;]\" \/>\n<meta property=\"og:url\" content=\"https:\/\/www.loge-de-vigne.fr\/en\/a-new-experience\/\" \/>\n<meta property=\"og:site_name\" content=\"La Loge de Vigne\" \/>\n<meta property=\"article:modified_time\" content=\"2024-05-21T08:08:58+00:00\" \/>\n<meta name=\"twitter:card\" content=\"summary_large_image\" \/>\n<meta name=\"twitter:label1\" content=\"Est. reading time\" \/>\n\t<meta name=\"twitter:data1\" content=\"3 minutes\" \/>\n<script type=\"application\/ld+json\" class=\"yoast-schema-graph\">{\"@context\":\"https:\/\/schema.org\",\"@graph\":[{\"@type\":\"WebPage\",\"@id\":\"https:\/\/www.loge-de-vigne.fr\/en\/a-new-experience\/\",\"url\":\"https:\/\/www.loge-de-vigne.fr\/en\/a-new-experience\/\",\"name\":\"A new experience - La Loge de Vigne\",\"isPartOf\":{\"@id\":\"https:\/\/www.loge-de-vigne.fr\/en\/#website\"},\"datePublished\":\"2017-12-20T07:16:06+00:00\",\"dateModified\":\"2024-05-21T08:08:58+00:00\",\"breadcrumb\":{\"@id\":\"https:\/\/www.loge-de-vigne.fr\/en\/a-new-experience\/#breadcrumb\"},\"inLanguage\":\"en-US\",\"potentialAction\":[{\"@type\":\"ReadAction\",\"target\":[\"https:\/\/www.loge-de-vigne.fr\/en\/a-new-experience\/\"]}]},{\"@type\":\"BreadcrumbList\",\"@id\":\"https:\/\/www.loge-de-vigne.fr\/en\/a-new-experience\/#breadcrumb\",\"itemListElement\":[{\"@type\":\"ListItem\",\"position\":1,\"name\":\"Accueil\",\"item\":\"https:\/\/www.loge-de-vigne.fr\/en\/\"},{\"@type\":\"ListItem\",\"position\":2,\"name\":\"A new experience\"}]},{\"@type\":\"WebSite\",\"@id\":\"https:\/\/www.loge-de-vigne.fr\/en\/#website\",\"url\":\"https:\/\/www.loge-de-vigne.fr\/en\/\",\"name\":\"La Loge de Vigne\",\"description\":\"\",\"potentialAction\":[{\"@type\":\"SearchAction\",\"target\":{\"@type\":\"EntryPoint\",\"urlTemplate\":\"https:\/\/www.loge-de-vigne.fr\/en\/?s={search_term_string}\"},\"query-input\":\"required name=search_term_string\"}],\"inLanguage\":\"en-US\"}]}<\/script>\n<!-- \/ Yoast SEO plugin. -->","yoast_head_json":{"title":"A new experience - La Loge de Vigne","robots":{"index":"index","follow":"follow","max-snippet":"max-snippet:-1","max-image-preview":"max-image-preview:large","max-video-preview":"max-video-preview:-1"},"canonical":"https:\/\/www.loge-de-vigne.fr\/en\/a-new-experience\/","og_locale":"en_US","og_type":"article","og_title":"A new experience - La Loge de Vigne","og_description":"[et_pb_section fb_built=&#8221;1&#8243; fullwidth=&#8221;on&#8221; _builder_version=&#8221;3.0.87&#8243;][et_pb_fullwidth_image src=&#8221;https:\/\/www.loge-de-vigne.fr\/en\/wp-content\/uploads\/2023\/07\/laogedevigne-villerssouschatillon-maisondhotes-53-min.jpg&#8221; _builder_version=&#8221;3.0.87&#8243;][\/et_pb_fullwidth_image][\/et_pb_section][et_pb_section fb_built=&#8221;1&#8243; admin_label=&#8221;Feature Section&#8221; _builder_version=&#8221;3.0.87&#8243; custom_padding=&#8221;0px||0px|&#8221;][et_pb_row make_fullwidth=&#8221;on&#8221; use_custom_gutter=&#8221;on&#8221; gutter_width=&#8221;1&#8243; custom_padding=&#8221;0px||2px|&#8221; make_equal=&#8221;on&#8221; padding_top_1=&#8221;50px&#8221; padding_right_1=&#8221;20px&#8221; padding_bottom_1=&#8221;110px&#8221; padding_left_1=&#8221;20px&#8221; padding_2_tablet=&#8221;|||&#8221; padding_2_phone=&#8221;|||&#8221; padding_2_last_edited=&#8221;on|desktop&#8221; admin_label=&#8221;Feature 02 &#038; Feature 03&#8243; _builder_version=&#8221;3.0.87&#8243;][et_pb_column type=&#8221;1_2&#8243; _builder_version=&#8221;3.0.47&#8243; padding_bottom=&#8221;110px&#8221; padding_left=&#8221;20px&#8221; padding_right=&#8221;20px&#8221; padding_top=&#8221;50px&#8221; parallax=&#8221;off&#8221; parallax_method=&#8221;on&#8221;][et_pb_text _builder_version=&#8221;3.0.87&#8243; text_font=&#8221;||||||||&#8221; ul_font=&#8221;||||||||&#8221; header_font=&#8221;|700|||||||&#8221; text_orientation=&#8221;center&#8221; module_alignment=&#8221;center&#8221; custom_padding=&#8221;||20px|&#8221;] Breakfast\/Snacks [\/et_pb_text][et_pb_text _builder_version=&#8221;3.0.87&#8243; text_font=&#8221;||||||||&#8221;] The breakfast room is open every morning [&hellip;]","og_url":"https:\/\/www.loge-de-vigne.fr\/en\/a-new-experience\/","og_site_name":"La Loge de Vigne","article_modified_time":"2024-05-21T08:08:58+00:00","twitter_card":"summary_large_image","twitter_misc":{"Est. reading time":"3 minutes"},"schema":{"@context":"https:\/\/schema.org","@graph":[{"@type":"WebPage","@id":"https:\/\/www.loge-de-vigne.fr\/en\/a-new-experience\/","url":"https:\/\/www.loge-de-vigne.fr\/en\/a-new-experience\/","name":"A new experience - La Loge de Vigne","isPartOf":{"@id":"https:\/\/www.loge-de-vigne.fr\/en\/#website"},"datePublished":"2017-12-20T07:16:06+00:00","dateModified":"2024-05-21T08:08:58+00:00","breadcrumb":{"@id":"https:\/\/www.loge-de-vigne.fr\/en\/a-new-experience\/#breadcrumb"},"inLanguage":"en-US","potentialAction":[{"@type":"ReadAction","target":["https:\/\/www.loge-de-vigne.fr\/en\/a-new-experience\/"]}]},{"@type":"BreadcrumbList","@id":"https:\/\/www.loge-de-vigne.fr\/en\/a-new-experience\/#breadcrumb","itemListElement":[{"@type":"ListItem","position":1,"name":"Accueil","item":"https:\/\/www.loge-de-vigne.fr\/en\/"},{"@type":"ListItem","position":2,"name":"A new experience"}]},{"@type":"WebSite","@id":"https:\/\/www.loge-de-vigne.fr\/en\/#website","url":"https:\/\/www.loge-de-vigne.fr\/en\/","name":"La Loge de Vigne","description":"","potentialAction":[{"@type":"SearchAction","target":{"@type":"EntryPoint","urlTemplate":"https:\/\/www.loge-de-vigne.fr\/en\/?s={search_term_string}"},"query-input":"required name=search_term_string"}],"inLanguage":"en-US"}]}},"_links":{"self":[{"href":"https:\/\/www.loge-de-vigne.fr\/en\/wp-json\/wp\/v2\/pages\/51294","targetHints":{"allow":["GET"]}}],"collection":[{"href":"https:\/\/www.loge-de-vigne.fr\/en\/wp-json\/wp\/v2\/pages"}],"about":[{"href":"https:\/\/www.loge-de-vigne.fr\/en\/wp-json\/wp\/v2\/types\/page"}],"author":[{"embeddable":true,"href":"https:\/\/www.loge-de-vigne.fr\/en\/wp-json\/wp\/v2\/users\/1"}],"replies":[{"embeddable":true,"href":"https:\/\/www.loge-de-vigne.fr\/en\/wp-json\/wp\/v2\/comments?post=51294"}],"version-history":[{"count":19,"href":"https:\/\/www.loge-de-vigne.fr\/en\/wp-json\/wp\/v2\/pages\/51294\/revisions"}],"predecessor-version":[{"id":51623,"href":"https:\/\/www.loge-de-vigne.fr\/en\/wp-json\/wp\/v2\/pages\/51294\/revisions\/51623"}],"wp:attachment":[{"href":"https:\/\/www.loge-de-vigne.fr\/en\/wp-json\/wp\/v2\/media?parent=51294"}],"curies":[{"name":"wp","href":"https:\/\/api.w.org\/{rel}","templated":true}]}}