{"id":245,"date":"2017-11-13T21:52:00","date_gmt":"2017-11-13T20:52:00","guid":{"rendered":"http:\/\/www.jeveuxmonsiteweb.com\/enlalogedevigne\/?page_id=245"},"modified":"2018-01-11T16:14:28","modified_gmt":"2018-01-11T15:14:28","slug":"general-terms","status":"publish","type":"page","link":"https:\/\/www.loge-de-vigne.fr\/en\/general-terms\/","title":{"rendered":"General terms"},"content":{"rendered":"<p>[et_pb_section fb_built=&#8221;1&#8243; _builder_version=&#8221;3.0.87&#8243; background_image=&#8221;\/en\/wp-content\/uploads\/2017\/11\/header-site.jpg&#8221; custom_padding=&#8221;135px|0px|100px|0px&#8221;][et_pb_row _builder_version=&#8221;3.0.87&#8243;][et_pb_column type=&#8221;4_4&#8243; _builder_version=&#8221;3.0.87&#8243; parallax=&#8221;off&#8221; parallax_method=&#8221;on&#8221;][et_pb_text _builder_version=&#8221;3.0.87&#8243; text_font=&#8221;Source Sans Pro|700||on|||||&#8221; text_font_size=&#8221;26px&#8221; text_text_color=&#8221;#ffffff&#8221; text_line_height=&#8221;26px&#8221; text_text_shadow_style=&#8221;preset1&#8243; text_orientation=&#8221;center&#8221;]<\/p>\n<p>Mentions l\u00e9gales&#8230;<\/p>\n<p>[\/et_pb_text][\/et_pb_column][\/et_pb_row][\/et_pb_section][et_pb_section fb_built=&#8221;1&#8243; _builder_version=&#8221;3.0.87&#8243; custom_padding=&#8221;51.1875px|0px|19px|0px&#8221;][et_pb_row _builder_version=&#8221;3.0.87&#8243;][et_pb_column type=&#8221;1_2&#8243; _builder_version=&#8221;3.0.87&#8243; parallax=&#8221;off&#8221; parallax_method=&#8221;on&#8221;][et_pb_text _builder_version=&#8221;3.0.87&#8243;]<\/p>\n<h3>&#8230;de la soci\u00e9t\u00e9:<\/h3>\n<p><span>LEMAIRE Aliette<\/span><br \/><span>21 rue des Vignes<\/span><br \/><span>51700 VILLERS SOUS CHATILLON<\/span><br \/><span>SIRET: 323 359 992 00027<\/span><\/p>\n<p>[\/et_pb_text][\/et_pb_column][et_pb_column type=&#8221;1_2&#8243; _builder_version=&#8221;3.0.87&#8243; parallax=&#8221;off&#8221; parallax_method=&#8221;on&#8221;][et_pb_text _builder_version=&#8221;3.0.87&#8243;]<\/p>\n<h3>&#8230;du site:<\/h3>\n<p><strong>Cr\u00e9ation &#038; webmaster:<\/strong><span>\u00a0Steeve&#038;You<\/span><br \/><a href=\"http:\/\/www.steeveandyou.fr\/\" target=\"_blank\" rel=\"noopener noreferrer\">www.steeveandyou.fr<\/a><br \/><strong>Photos:<\/strong><span>\u00a0La Loge de Vigne<\/span><br \/><strong>H\u00e9bergement:<\/strong><span>\u00a0<\/span><a href=\"https:\/\/www.o2switch.fr\/\" target=\"_blank\" rel=\"noopener noreferrer\">o2switch.<\/a><br \/><strong>Contact webmaster:<\/strong><span>\u00a0<\/span><a href=\"mailto:info@steeveandyou.fr\">info@steeveandyou.fr<\/a><\/p>\n<p>[\/et_pb_text][\/et_pb_column][\/et_pb_row][\/et_pb_section][et_pb_section fb_built=&#8221;1&#8243; _builder_version=&#8221;3.0.87&#8243; custom_padding=&#8221;30px|0px|51.1875px|0px&#8221;][et_pb_row _builder_version=&#8221;3.0.87&#8243;][et_pb_column type=&#8221;4_4&#8243; _builder_version=&#8221;3.0.87&#8243; parallax=&#8221;off&#8221; parallax_method=&#8221;on&#8221;][et_pb_text _builder_version=&#8221;3.0.87&#8243;]<\/p>\n<h3>Commission Nationale Informatique et Libert\u00e9s (CNIL)<\/h3>\n<p>Le pr\u00e9sent site a fait l\u2019objet d\u2019une d\u00e9claration \u00e0 la CNIL, conform\u00e9ment \u00e0 la Loi N\u00b0 78-17 du 6 janvier 1978 relative \u00e0 l\u2019informatique, aux fichiers et aux libert\u00e9s.<\/p>\n<h3>Liens hypertextes<\/h3>\n<p>Des liens hypertextes peuvent renvoyer vers d\u2019autres sites que le pr\u00e9sent site. \u00ab La Loge de Vigne\u00a0\u00bb n\u2019exerce aucun contr\u00f4le sur les contenus des dits sites et d\u00e9gage toute responsabilit\u00e9 dans le cas o\u00f9 ce contenu contreviendrait aux dispositions l\u00e9gales et r\u00e8glementaires en vigueur<\/p>\n<h3>Propri\u00e9t\u00e9 intellectuelle<\/h3>\n<p>En accord avec les lois r\u00e9gissant la propri\u00e9t\u00e9 des droits litt\u00e9raires et artistiques ou autres droits similaires, tous les \u00e9l\u00e9ments, marques, d\u00e9nominations, photographies, dessins, mod\u00e8les, logos, graphiques, codes couleurs, etc. se trouvant dans le pr\u00e9sent site sont la propri\u00e9t\u00e9 exclusive des entit\u00e9s concern\u00e9es de \u00ab La Loge de Vigne \u00bb ou de ses partenaires ou fournisseurs, celle-ci ou ceux-ci ne conc\u00e9dant aucune licence, ni aucun autre droit que celui de consulter le site. La reproduction ou l\u2019utilisation de tout ou partie de ces \u00e9l\u00e9ments est seulement autoris\u00e9e aux fins exclusives d\u2019information pour un usage personnel et priv\u00e9, toute reproduction et toute utilisation de copies r\u00e9alis\u00e9es \u00e0 d\u2019autres fins \u00e9tant express\u00e9ment interdites. Toute autre utilisation est constitutive de contrefa\u00e7on et sanctionn\u00e9e au titre de la Propri\u00e9t\u00e9 Intellectuelle, sauf autorisation pr\u00e9alable et \u00e9crite de \u00ab La Loge de Vigne\u00a0\u00bb<\/p>\n<h3>Informatique et Libert\u00e9s<\/h3>\n<p>Informations personnelles collect\u00e9es En France, les donn\u00e9es personnelles sont notamment prot\u00e9g\u00e9es par la loi n\u00b0 78-87 du 6 janvier 1978, la loi n\u00b0 2004-801 du 6 ao\u00fbt 2004, l\u2019article L. 226-13 du Code p\u00e9nal et la Directive Europ\u00e9enne du 24 octobre 1995.<\/p>\n<p>En tout \u00e9tat de cause \u00ab La Loge de Vigne\u00a0\u00bb ne collecte des informations personnelles relatives \u00e0 l\u2019utilisateur (nom, adresse \u00e9lectronique, coordonn\u00e9es t\u00e9l\u00e9phoniques) que pour le besoin des services propos\u00e9s par \u00ab\u00a0La Loge de Vigne \u00bb.<\/p>\n<p>L\u2019utilisateur fournit ces informations en toute connaissance de cause, notamment lorsqu\u2019il proc\u00e8de par lui-m\u00eame \u00e0 leur saisie. Il est alors pr\u00e9cis\u00e9 \u00e0 l\u2019utilisateur du site \u00ab La Loge de Vigne\u00a0\u00bb le caract\u00e8re obligatoire ou non des informations qu\u2019il serait amen\u00e9 \u00e0 fournir.<\/p>\n<p>Aucune information personnelle de l\u2019utilisateur du site \u00ab La Loge de Vigne\u00a0\u00bb n\u2019est : collect\u00e9e \u00e0 l\u2019insu de l\u2019utilisateur ; publi\u00e9e \u00e0 l\u2019insu de l\u2019utilisateur ; \u00e9chang\u00e9e, transf\u00e9r\u00e9e, c\u00e9d\u00e9e ou vendue sur un support quelconque \u00e0 des tiers.<\/p>\n<h3>Google Analytics<\/h3>\n<p>Ce site utilise Google Analytics, un service d\u2019analyse de sites Internet fourni par Google Inc. (\u00ab Google \u00bb). Google Analytics utilise des cookies, qui sont des fichiers textes plac\u00e9s sur votre ordinateur, pour aider le site internet \u00e0 analyser l\u2019utilisation du site par ses utilisateurs. Les donn\u00e9es g\u00e9n\u00e9r\u00e9es par les cookies concernant votre utilisation du site (y compris votre adresse IP) seront transmises et stock\u00e9es par Google sur des serveurs situ\u00e9s aux \u00c9tats-Unis.<\/p>\n<p>Google utilisera cette information dans le but d\u2019\u00e9valuer votre utilisation du site, de compiler des rapports sur l\u2019activit\u00e9 du site \u00e0 destination de son \u00e9diteur et de fournir d\u2019autres services relatifs \u00e0 l\u2019activit\u00e9 du site et \u00e0 l\u2019utilisation d\u2019Internet.<\/p>\n<p>Google est susceptible de communiquer ces donn\u00e9es \u00e0 des tiers en cas d\u2019obligations l\u00e9gales ou lorsque ces tiers traitent ces donn\u00e9es pour le compte de Google, y compris notamment l\u2019\u00e9diteur de ce site. Vous pouvez d\u00e9sactiver l\u2019utilisation de cookies en s\u00e9lectionnant les param\u00e8tres appropri\u00e9s de votre navigateur. Cependant, une telle d\u00e9sactivation pourrait emp\u00eacher l\u2019utilisation de certaines fonctionnalit\u00e9s de ce site. En utilisant ce site internet, vous consentez express\u00e9ment au traitement de vos donn\u00e9es nominatives par Google dans les conditions et pour les finalit\u00e9s d\u00e9crites ci-dessus.<\/p>\n<p>[\/et_pb_text][\/et_pb_column][\/et_pb_row][\/et_pb_section]<\/p>\n","protected":false},"excerpt":{"rendered":"<p>[et_pb_section fb_built=&#8221;1&#8243; _builder_version=&#8221;3.0.87&#8243; background_image=&#8221;\/en\/wp-content\/uploads\/2017\/11\/header-site.jpg&#8221; custom_padding=&#8221;135px|0px|100px|0px&#8221;][et_pb_row _builder_version=&#8221;3.0.87&#8243;][et_pb_column type=&#8221;4_4&#8243; _builder_version=&#8221;3.0.87&#8243; parallax=&#8221;off&#8221; parallax_method=&#8221;on&#8221;][et_pb_text _builder_version=&#8221;3.0.87&#8243; text_font=&#8221;Source Sans Pro|700||on|||||&#8221; text_font_size=&#8221;26px&#8221; text_text_color=&#8221;#ffffff&#8221; text_line_height=&#8221;26px&#8221; text_text_shadow_style=&#8221;preset1&#8243; text_orientation=&#8221;center&#8221;] Mentions l\u00e9gales&#8230; [\/et_pb_text][\/et_pb_column][\/et_pb_row][\/et_pb_section][et_pb_section fb_built=&#8221;1&#8243; _builder_version=&#8221;3.0.87&#8243; custom_padding=&#8221;51.1875px|0px|19px|0px&#8221;][et_pb_row _builder_version=&#8221;3.0.87&#8243;][et_pb_column type=&#8221;1_2&#8243; _builder_version=&#8221;3.0.87&#8243; parallax=&#8221;off&#8221; parallax_method=&#8221;on&#8221;][et_pb_text _builder_version=&#8221;3.0.87&#8243;] &#8230;de la soci\u00e9t\u00e9: LEMAIRE Aliette21 rue des Vignes51700 VILLERS SOUS CHATILLONSIRET: 323 359 992 00027 [\/et_pb_text][\/et_pb_column][et_pb_column type=&#8221;1_2&#8243; _builder_version=&#8221;3.0.87&#8243; parallax=&#8221;off&#8221; parallax_method=&#8221;on&#8221;][et_pb_text _builder_version=&#8221;3.0.87&#8243;] &#8230;du site: Cr\u00e9ation [&hellip;]<\/p>\n","protected":false},"author":1,"featured_media":0,"parent":0,"menu_order":0,"comment_status":"closed","ping_status":"closed","template":"","meta":{"footnotes":""},"class_list":["post-245","page","type-page","status-publish","hentry"],"yoast_head":"<!-- This site is optimized with the Yoast SEO plugin v23.0 - https:\/\/yoast.com\/wordpress\/plugins\/seo\/ -->\n<title>General terms - La Loge de Vigne<\/title>\n<meta name=\"robots\" content=\"index, follow, max-snippet:-1, max-image-preview:large, max-video-preview:-1\" \/>\n<link rel=\"canonical\" href=\"https:\/\/www.loge-de-vigne.fr\/en\/general-terms\/\" \/>\n<meta property=\"og:locale\" content=\"en_US\" \/>\n<meta property=\"og:type\" content=\"article\" \/>\n<meta property=\"og:title\" content=\"General terms - La Loge de Vigne\" \/>\n<meta property=\"og:description\" content=\"[et_pb_section fb_built=&#8221;1&#8243; _builder_version=&#8221;3.0.87&#8243; background_image=&#8221;\/en\/wp-content\/uploads\/2017\/11\/header-site.jpg&#8221; custom_padding=&#8221;135px|0px|100px|0px&#8221;][et_pb_row _builder_version=&#8221;3.0.87&#8243;][et_pb_column type=&#8221;4_4&#8243; _builder_version=&#8221;3.0.87&#8243; parallax=&#8221;off&#8221; parallax_method=&#8221;on&#8221;][et_pb_text _builder_version=&#8221;3.0.87&#8243; text_font=&#8221;Source Sans Pro|700||on|||||&#8221; text_font_size=&#8221;26px&#8221; text_text_color=&#8221;#ffffff&#8221; text_line_height=&#8221;26px&#8221; text_text_shadow_style=&#8221;preset1&#8243; text_orientation=&#8221;center&#8221;] Mentions l\u00e9gales&#8230; [\/et_pb_text][\/et_pb_column][\/et_pb_row][\/et_pb_section][et_pb_section fb_built=&#8221;1&#8243; _builder_version=&#8221;3.0.87&#8243; custom_padding=&#8221;51.1875px|0px|19px|0px&#8221;][et_pb_row _builder_version=&#8221;3.0.87&#8243;][et_pb_column type=&#8221;1_2&#8243; _builder_version=&#8221;3.0.87&#8243; parallax=&#8221;off&#8221; parallax_method=&#8221;on&#8221;][et_pb_text _builder_version=&#8221;3.0.87&#8243;] &#8230;de la soci\u00e9t\u00e9: LEMAIRE Aliette21 rue des Vignes51700 VILLERS SOUS CHATILLONSIRET: 323 359 992 00027 [\/et_pb_text][\/et_pb_column][et_pb_column type=&#8221;1_2&#8243; _builder_version=&#8221;3.0.87&#8243; parallax=&#8221;off&#8221; parallax_method=&#8221;on&#8221;][et_pb_text _builder_version=&#8221;3.0.87&#8243;] &#8230;du site: Cr\u00e9ation [&hellip;]\" \/>\n<meta property=\"og:url\" content=\"https:\/\/www.loge-de-vigne.fr\/en\/general-terms\/\" \/>\n<meta property=\"og:site_name\" content=\"La Loge de Vigne\" \/>\n<meta property=\"article:modified_time\" content=\"2018-01-11T15:14:28+00:00\" \/>\n<meta name=\"twitter:card\" content=\"summary_large_image\" \/>\n<meta name=\"twitter:label1\" content=\"Est. reading time\" \/>\n\t<meta name=\"twitter:data1\" content=\"4 minutes\" \/>\n<script type=\"application\/ld+json\" class=\"yoast-schema-graph\">{\"@context\":\"https:\/\/schema.org\",\"@graph\":[{\"@type\":\"WebPage\",\"@id\":\"https:\/\/www.loge-de-vigne.fr\/en\/general-terms\/\",\"url\":\"https:\/\/www.loge-de-vigne.fr\/en\/general-terms\/\",\"name\":\"General terms - La Loge de Vigne\",\"isPartOf\":{\"@id\":\"https:\/\/www.loge-de-vigne.fr\/en\/#website\"},\"datePublished\":\"2017-11-13T20:52:00+00:00\",\"dateModified\":\"2018-01-11T15:14:28+00:00\",\"breadcrumb\":{\"@id\":\"https:\/\/www.loge-de-vigne.fr\/en\/general-terms\/#breadcrumb\"},\"inLanguage\":\"en-US\",\"potentialAction\":[{\"@type\":\"ReadAction\",\"target\":[\"https:\/\/www.loge-de-vigne.fr\/en\/general-terms\/\"]}]},{\"@type\":\"BreadcrumbList\",\"@id\":\"https:\/\/www.loge-de-vigne.fr\/en\/general-terms\/#breadcrumb\",\"itemListElement\":[{\"@type\":\"ListItem\",\"position\":1,\"name\":\"Accueil\",\"item\":\"https:\/\/www.loge-de-vigne.fr\/en\/\"},{\"@type\":\"ListItem\",\"position\":2,\"name\":\"General terms\"}]},{\"@type\":\"WebSite\",\"@id\":\"https:\/\/www.loge-de-vigne.fr\/en\/#website\",\"url\":\"https:\/\/www.loge-de-vigne.fr\/en\/\",\"name\":\"La Loge de Vigne\",\"description\":\"\",\"potentialAction\":[{\"@type\":\"SearchAction\",\"target\":{\"@type\":\"EntryPoint\",\"urlTemplate\":\"https:\/\/www.loge-de-vigne.fr\/en\/?s={search_term_string}\"},\"query-input\":\"required name=search_term_string\"}],\"inLanguage\":\"en-US\"}]}<\/script>\n<!-- \/ Yoast SEO plugin. -->","yoast_head_json":{"title":"General terms - La Loge de Vigne","robots":{"index":"index","follow":"follow","max-snippet":"max-snippet:-1","max-image-preview":"max-image-preview:large","max-video-preview":"max-video-preview:-1"},"canonical":"https:\/\/www.loge-de-vigne.fr\/en\/general-terms\/","og_locale":"en_US","og_type":"article","og_title":"General terms - La Loge de Vigne","og_description":"[et_pb_section fb_built=&#8221;1&#8243; _builder_version=&#8221;3.0.87&#8243; background_image=&#8221;\/en\/wp-content\/uploads\/2017\/11\/header-site.jpg&#8221; custom_padding=&#8221;135px|0px|100px|0px&#8221;][et_pb_row _builder_version=&#8221;3.0.87&#8243;][et_pb_column type=&#8221;4_4&#8243; _builder_version=&#8221;3.0.87&#8243; parallax=&#8221;off&#8221; parallax_method=&#8221;on&#8221;][et_pb_text _builder_version=&#8221;3.0.87&#8243; text_font=&#8221;Source Sans Pro|700||on|||||&#8221; text_font_size=&#8221;26px&#8221; text_text_color=&#8221;#ffffff&#8221; text_line_height=&#8221;26px&#8221; text_text_shadow_style=&#8221;preset1&#8243; text_orientation=&#8221;center&#8221;] Mentions l\u00e9gales&#8230; [\/et_pb_text][\/et_pb_column][\/et_pb_row][\/et_pb_section][et_pb_section fb_built=&#8221;1&#8243; _builder_version=&#8221;3.0.87&#8243; custom_padding=&#8221;51.1875px|0px|19px|0px&#8221;][et_pb_row _builder_version=&#8221;3.0.87&#8243;][et_pb_column type=&#8221;1_2&#8243; _builder_version=&#8221;3.0.87&#8243; parallax=&#8221;off&#8221; parallax_method=&#8221;on&#8221;][et_pb_text _builder_version=&#8221;3.0.87&#8243;] &#8230;de la soci\u00e9t\u00e9: LEMAIRE Aliette21 rue des Vignes51700 VILLERS SOUS CHATILLONSIRET: 323 359 992 00027 [\/et_pb_text][\/et_pb_column][et_pb_column type=&#8221;1_2&#8243; _builder_version=&#8221;3.0.87&#8243; parallax=&#8221;off&#8221; parallax_method=&#8221;on&#8221;][et_pb_text _builder_version=&#8221;3.0.87&#8243;] &#8230;du site: Cr\u00e9ation [&hellip;]","og_url":"https:\/\/www.loge-de-vigne.fr\/en\/general-terms\/","og_site_name":"La Loge de Vigne","article_modified_time":"2018-01-11T15:14:28+00:00","twitter_card":"summary_large_image","twitter_misc":{"Est. reading time":"4 minutes"},"schema":{"@context":"https:\/\/schema.org","@graph":[{"@type":"WebPage","@id":"https:\/\/www.loge-de-vigne.fr\/en\/general-terms\/","url":"https:\/\/www.loge-de-vigne.fr\/en\/general-terms\/","name":"General terms - La Loge de Vigne","isPartOf":{"@id":"https:\/\/www.loge-de-vigne.fr\/en\/#website"},"datePublished":"2017-11-13T20:52:00+00:00","dateModified":"2018-01-11T15:14:28+00:00","breadcrumb":{"@id":"https:\/\/www.loge-de-vigne.fr\/en\/general-terms\/#breadcrumb"},"inLanguage":"en-US","potentialAction":[{"@type":"ReadAction","target":["https:\/\/www.loge-de-vigne.fr\/en\/general-terms\/"]}]},{"@type":"BreadcrumbList","@id":"https:\/\/www.loge-de-vigne.fr\/en\/general-terms\/#breadcrumb","itemListElement":[{"@type":"ListItem","position":1,"name":"Accueil","item":"https:\/\/www.loge-de-vigne.fr\/en\/"},{"@type":"ListItem","position":2,"name":"General terms"}]},{"@type":"WebSite","@id":"https:\/\/www.loge-de-vigne.fr\/en\/#website","url":"https:\/\/www.loge-de-vigne.fr\/en\/","name":"La Loge de Vigne","description":"","potentialAction":[{"@type":"SearchAction","target":{"@type":"EntryPoint","urlTemplate":"https:\/\/www.loge-de-vigne.fr\/en\/?s={search_term_string}"},"query-input":"required name=search_term_string"}],"inLanguage":"en-US"}]}},"_links":{"self":[{"href":"https:\/\/www.loge-de-vigne.fr\/en\/wp-json\/wp\/v2\/pages\/245","targetHints":{"allow":["GET"]}}],"collection":[{"href":"https:\/\/www.loge-de-vigne.fr\/en\/wp-json\/wp\/v2\/pages"}],"about":[{"href":"https:\/\/www.loge-de-vigne.fr\/en\/wp-json\/wp\/v2\/types\/page"}],"author":[{"embeddable":true,"href":"https:\/\/www.loge-de-vigne.fr\/en\/wp-json\/wp\/v2\/users\/1"}],"replies":[{"embeddable":true,"href":"https:\/\/www.loge-de-vigne.fr\/en\/wp-json\/wp\/v2\/comments?post=245"}],"version-history":[{"count":8,"href":"https:\/\/www.loge-de-vigne.fr\/en\/wp-json\/wp\/v2\/pages\/245\/revisions"}],"predecessor-version":[{"id":51515,"href":"https:\/\/www.loge-de-vigne.fr\/en\/wp-json\/wp\/v2\/pages\/245\/revisions\/51515"}],"wp:attachment":[{"href":"https:\/\/www.loge-de-vigne.fr\/en\/wp-json\/wp\/v2\/media?parent=245"}],"curies":[{"name":"wp","href":"https:\/\/api.w.org\/{rel}","templated":true}]}}